{"id":261,"date":"2021-03-03T09:40:40","date_gmt":"2021-03-03T08:40:40","guid":{"rendered":"https:\/\/uo-net.cz\/bbcut\/?page_id=261"},"modified":"2021-03-06T16:57:42","modified_gmt":"2021-03-06T15:57:42","slug":"o-nas","status":"publish","type":"page","link":"https:\/\/uo-net.cz\/bbcut\/o-nas\/","title":{"rendered":"O n\u00e1s"},"content":{"rendered":"\t\t<div data-elementor-type=\"wp-page\" data-elementor-id=\"261\" class=\"elementor elementor-261\" data-elementor-settings=\"[]\">\n\t\t\t\t\t\t\t<div class=\"elementor-section-wrap\">\n\t\t\t\t\t\t\t<section class=\"elementor-section elementor-top-section elementor-element elementor-element-ef8dbb1 elementor-section-boxed elementor-section-height-default elementor-section-height-default\" data-id=\"ef8dbb1\" data-element_type=\"section\">\n\t\t\t\t\t\t<div class=\"elementor-container elementor-column-gap-default\">\n\t\t\t\t\t<div class=\"elementor-column elementor-col-100 elementor-top-column elementor-element elementor-element-9195c86\" data-id=\"9195c86\" data-element_type=\"column\">\n\t\t\t<div class=\"elementor-widget-wrap elementor-element-populated\">\n\t\t\t\t\t\t\t\t<div class=\"elementor-element elementor-element-b09e40b elementor-widget elementor-widget-spacer\" data-id=\"b09e40b\" data-element_type=\"widget\" data-widget_type=\"spacer.default\">\n\t\t\t\t<div class=\"elementor-widget-container\">\n\t\t\t\t\t<div class=\"elementor-spacer\">\n\t\t\t<div class=\"elementor-spacer-inner\"><\/div>\n\t\t<\/div>\n\t\t\t\t<\/div>\n\t\t\t\t<\/div>\n\t\t\t\t\t<\/div>\n\t\t<\/div>\n\t\t\t\t\t\t\t<\/div>\n\t\t<\/section>\n\t\t\t\t<section class=\"elementor-section elementor-top-section elementor-element elementor-element-1ab970d8 elementor-section-boxed elementor-section-height-default elementor-section-height-default\" data-id=\"1ab970d8\" data-element_type=\"section\">\n\t\t\t\t\t\t<div class=\"elementor-container elementor-column-gap-default\">\n\t\t\t\t\t<div class=\"elementor-column elementor-col-33 elementor-top-column elementor-element elementor-element-681472cb\" data-id=\"681472cb\" data-element_type=\"column\">\n\t\t\t<div class=\"elementor-widget-wrap elementor-element-populated\">\n\t\t\t\t\t\t\t\t<div class=\"elementor-element elementor-element-6fe26d65 elementor-widget elementor-widget-image\" data-id=\"6fe26d65\" data-element_type=\"widget\" data-widget_type=\"image.default\">\n\t\t\t\t<div class=\"elementor-widget-container\">\n\t\t\t\t\t<div class=\"elementor-image\">\n\t\t\t\t\t\t\t\t\t\t<img loading=\"lazy\" decoding=\"async\" width=\"250\" height=\"51\" src=\"https:\/\/uo-net.cz\/bbcut\/wp-content\/uploads\/2021\/03\/BBcut-logo-1.png\" class=\"attachment-full size-full\" alt=\"\" \/>\t\t\t\t\t\t\t\t\t\t\t<\/div>\n\t\t\t\t<\/div>\n\t\t\t\t<\/div>\n\t\t\t\t\t<\/div>\n\t\t<\/div>\n\t\t\t\t<div class=\"elementor-column elementor-col-66 elementor-top-column elementor-element elementor-element-322305c7\" data-id=\"322305c7\" data-element_type=\"column\">\n\t\t\t<div class=\"elementor-widget-wrap elementor-element-populated\">\n\t\t\t\t\t\t\t\t\t<\/div>\n\t\t<\/div>\n\t\t\t\t\t\t\t<\/div>\n\t\t<\/section>\n\t\t\t\t<section class=\"elementor-section elementor-top-section elementor-element elementor-element-704d4a0 elementor-section-boxed elementor-section-height-default elementor-section-height-default\" data-id=\"704d4a0\" data-element_type=\"section\">\n\t\t\t\t\t\t<div class=\"elementor-container elementor-column-gap-default\">\n\t\t\t\t\t<div class=\"elementor-column elementor-col-33 elementor-top-column elementor-element elementor-element-a6ce926\" data-id=\"a6ce926\" data-element_type=\"column\">\n\t\t\t<div class=\"elementor-widget-wrap elementor-element-populated\">\n\t\t\t\t\t\t\t\t<div class=\"elementor-element elementor-element-62c68d7 elementor-widget elementor-widget-text-editor\" data-id=\"62c68d7\" data-element_type=\"widget\" data-widget_type=\"text-editor.default\">\n\t\t\t\t<div class=\"elementor-widget-container\">\n\t\t\t\t\t<div class=\"elementor-text-editor elementor-clearfix\"><div id=\"WRchTxt9\" class=\"_1Z_nJ\" data-testid=\"richTextElement\"><h2>Firma BBcut &#8211; reklamn\u00ed spole\u010dnost byla zalo\u017eena dv\u011bma spole\u010dn\u00edky v roce 1991.<\/h2><h2 class=\"font_7\">Nab\u00edz\u00edme kompletn\u00ed slu\u017eby v oblasti firemn\u00ed prezentace, tzn. od grafick\u00e9ho zpracov\u00e1n\u00ed n\u00e1vrhu Va\u0161eho firemn\u00edho stylu a\u017e po aplikace na v\u0161echny elementy firemn\u00ed prezentace.<\/h2><h2>Podle Va\u0161ich pot\u0159eb V\u00e1m navrhneme nejlep\u0161\u00ed \u0159e\u0161en\u00ed!<\/h2><\/div><\/div>\n\t\t\t\t<\/div>\n\t\t\t\t<\/div>\n\t\t\t\t\t<\/div>\n\t\t<\/div>\n\t\t\t\t<div class=\"elementor-column elementor-col-66 elementor-top-column elementor-element elementor-element-437c032\" data-id=\"437c032\" data-element_type=\"column\">\n\t\t\t<div class=\"elementor-widget-wrap elementor-element-populated\">\n\t\t\t\t\t\t\t\t<div class=\"elementor-element elementor-element-8a55aca elementor-widget elementor-widget-image\" data-id=\"8a55aca\" data-element_type=\"widget\" data-widget_type=\"image.default\">\n\t\t\t\t<div class=\"elementor-widget-container\">\n\t\t\t\t\t<div class=\"elementor-image\">\n\t\t\t\t\t\t\t\t\t\t<img loading=\"lazy\" decoding=\"async\" width=\"150\" height=\"150\" src=\"https:\/\/uo-net.cz\/bbcut\/wp-content\/uploads\/2021\/03\/BB-150x150.jpg\" class=\"attachment-thumbnail size-thumbnail\" alt=\"\" srcset=\"https:\/\/uo-net.cz\/bbcut\/wp-content\/uploads\/2021\/03\/BB-150x150.jpg 150w, https:\/\/uo-net.cz\/bbcut\/wp-content\/uploads\/2021\/03\/BB-100x100.jpg 100w, https:\/\/uo-net.cz\/bbcut\/wp-content\/uploads\/2021\/03\/BB-600x600.jpg 600w, https:\/\/uo-net.cz\/bbcut\/wp-content\/uploads\/2021\/03\/BB-300x300.jpg 300w, https:\/\/uo-net.cz\/bbcut\/wp-content\/uploads\/2021\/03\/BB-1024x1024.jpg 1024w, https:\/\/uo-net.cz\/bbcut\/wp-content\/uploads\/2021\/03\/BB-768x768.jpg 768w, https:\/\/uo-net.cz\/bbcut\/wp-content\/uploads\/2021\/03\/BB.jpg 1200w\" sizes=\"auto, (max-width: 150px) 100vw, 150px\" \/>\t\t\t\t\t\t\t\t\t\t\t<\/div>\n\t\t\t\t<\/div>\n\t\t\t\t<\/div>\n\t\t\t\t\t<\/div>\n\t\t<\/div>\n\t\t\t\t\t\t\t<\/div>\n\t\t<\/section>\n\t\t\t\t<section class=\"elementor-section elementor-top-section elementor-element elementor-element-2e313f3 elementor-section-boxed elementor-section-height-default elementor-section-height-default\" data-id=\"2e313f3\" data-element_type=\"section\">\n\t\t\t\t\t\t<div class=\"elementor-container elementor-column-gap-default\">\n\t\t\t\t\t<div class=\"elementor-column elementor-col-100 elementor-top-column elementor-element elementor-element-fd03886\" data-id=\"fd03886\" data-element_type=\"column\">\n\t\t\t<div class=\"elementor-widget-wrap elementor-element-populated\">\n\t\t\t\t\t\t\t\t<div class=\"elementor-element elementor-element-84df90a elementor-widget elementor-widget-text-editor\" data-id=\"84df90a\" data-element_type=\"widget\" data-widget_type=\"text-editor.default\">\n\t\t\t\t<div class=\"elementor-widget-container\">\n\t\t\t\t\t<div class=\"elementor-text-editor elementor-clearfix\"><h3 class=\"font_8\"><strong>Grafick\u00e9 pr\u00e1ce a slu\u017eby<\/strong><\/h3><h2 class=\"font_8\">Tvorba origin\u00e1ln\u00edch grafick\u00fdch n\u00e1vrh\u016f, webdesign, tvorba firemn\u00edch logotyp\u016f, vizu\u00e1ln\u00edho firemn\u00edho stylu &#8211; corporate identity, grafick\u00fd design obal\u016f, grafick\u00fd design firemn\u00edch tiskovin: hlavi\u010dkov\u00e9 pap\u00edry, katalogy, v\u00fdro\u010dn\u00ed zpr\u00e1vy, firemn\u00ed a produktov\u00e9 prospekty, let\u00e1ky, bro\u017eury a realizace venkovn\u00ed reklamy.<br \/>Nab\u00edz\u00edme V\u00e1m kompletn\u00ed slu\u017eby v oblasti firemn\u00ed prezentace: Od n\u00e1vrhu firemn\u00edho stylu a\u017e po aplikace na v\u0161echny prvky firemn\u00ed prezentace.<br \/>Jednotn\u00e1 vizu\u00e1ln\u00ed podoba firemn\u00edch materi\u00e1l\u016f, merkantiln\u00edch tiskovin, prezenta\u010dn\u00edch materi\u00e1l\u016f a prostorov\u00fdch aplikac\u00ed (vozov\u00fd park, ozna\u010dov\u00e1n\u00ed budov, orienta\u010dn\u00ed syst\u00e9my, atp.) V\u00e1m zajist\u00ed lep\u0161\u00ed prosazov\u00e1n\u00ed obchodn\u00edch z\u00e1m\u011br\u016f a v\u00fdhodn\u011bj\u0161\u00ed pozice v porovn\u00e1n\u00ed s konkurenc\u00ed. Klient snadn\u011bji identifikuje spole\u010dnost, produkt \u010di poskytovanou slu\u017ebu.<\/h2><\/div>\n\t\t\t\t<\/div>\n\t\t\t\t<\/div>\n\t\t\t\t\t<\/div>\n\t\t<\/div>\n\t\t\t\t\t\t\t<\/div>\n\t\t<\/section>\n\t\t\t\t<section class=\"elementor-section elementor-top-section elementor-element elementor-element-4702cad0 elementor-section-content-bottom elementor-section-boxed elementor-section-height-default elementor-section-height-default\" data-id=\"4702cad0\" data-element_type=\"section\" data-settings=\"{&quot;background_background&quot;:&quot;classic&quot;}\">\n\t\t\t\t\t\t<div class=\"elementor-container elementor-column-gap-default\">\n\t\t\t\t\t<div class=\"elementor-column elementor-col-100 elementor-top-column elementor-element elementor-element-1c594857\" data-id=\"1c594857\" data-element_type=\"column\">\n\t\t\t<div class=\"elementor-widget-wrap elementor-element-populated\">\n\t\t\t\t\t\t\t\t<div class=\"elementor-element elementor-element-7456a44 elementor-widget elementor-widget-heading\" data-id=\"7456a44\" data-element_type=\"widget\" data-widget_type=\"heading.default\">\n\t\t\t\t<div class=\"elementor-widget-container\">\n\t\t\t<h2 class=\"elementor-heading-title elementor-size-default\">\u00a9 2021 by BBCUT<\/h2>\t\t<\/div>\n\t\t\t\t<\/div>\n\t\t\t\t\t<\/div>\n\t\t<\/div>\n\t\t\t\t\t\t\t<\/div>\n\t\t<\/section>\n\t\t\t\t\t\t<\/div>\n\t\t\t\t\t<\/div>\n\t\t","protected":false},"excerpt":{"rendered":"<p>Firma BBcut &#8211; reklamn\u00ed spole\u010dnost byla zalo\u017eena dv\u011bma spole\u010dn\u00edky v roce 1991. Nab\u00edz\u00edme kompletn\u00ed slu\u017eby v oblasti firemn\u00ed prezentace, tzn. od grafick\u00e9ho zpracov\u00e1n\u00ed n\u00e1vrhu Va\u0161eho firemn\u00edho stylu a\u017e po aplikace na v\u0161echny elementy firemn\u00ed prezentace. Podle Va\u0161ich pot\u0159eb V\u00e1m navrhneme nejlep\u0161\u00ed \u0159e\u0161en\u00ed! Grafick\u00e9 pr\u00e1ce a slu\u017eby Tvorba origin\u00e1ln\u00edch grafick\u00fdch n\u00e1vrh\u016f, webdesign, tvorba firemn\u00edch logotyp\u016f, vizu\u00e1ln\u00edho [&hellip;]<\/p>\n","protected":false},"author":2,"featured_media":0,"parent":0,"menu_order":0,"comment_status":"closed","ping_status":"closed","template":"","meta":{"_monsterinsights_skip_tracking":false,"_monsterinsights_sitenote_active":false,"_monsterinsights_sitenote_note":"","_monsterinsights_sitenote_category":0,"footnotes":""},"class_list":["post-261","page","type-page","status-publish","hentry","entry","owp-thumbs-layout-horizontal","owp-btn-normal","owp-tabs-layout-horizontal","has-no-thumbnails","has-product-nav"],"_links":{"self":[{"href":"https:\/\/uo-net.cz\/bbcut\/wp-json\/wp\/v2\/pages\/261","targetHints":{"allow":["GET"]}}],"collection":[{"href":"https:\/\/uo-net.cz\/bbcut\/wp-json\/wp\/v2\/pages"}],"about":[{"href":"https:\/\/uo-net.cz\/bbcut\/wp-json\/wp\/v2\/types\/page"}],"author":[{"embeddable":true,"href":"https:\/\/uo-net.cz\/bbcut\/wp-json\/wp\/v2\/users\/2"}],"replies":[{"embeddable":true,"href":"https:\/\/uo-net.cz\/bbcut\/wp-json\/wp\/v2\/comments?post=261"}],"version-history":[{"count":40,"href":"https:\/\/uo-net.cz\/bbcut\/wp-json\/wp\/v2\/pages\/261\/revisions"}],"predecessor-version":[{"id":1679,"href":"https:\/\/uo-net.cz\/bbcut\/wp-json\/wp\/v2\/pages\/261\/revisions\/1679"}],"wp:attachment":[{"href":"https:\/\/uo-net.cz\/bbcut\/wp-json\/wp\/v2\/media?parent=261"}],"curies":[{"name":"wp","href":"https:\/\/api.w.org\/{rel}","templated":true}]}}